{"id":6536,"date":"2024-06-23T18:24:11","date_gmt":"2024-06-23T18:24:11","guid":{"rendered":"https:\/\/geofortis.co.mz\/?page_id=6536"},"modified":"2024-06-23T19:05:28","modified_gmt":"2024-06-23T19:05:28","slug":"estudos-geotecnicos-agri-refinarysi","status":"publish","type":"page","link":"https:\/\/geofortis.co.mz\/pt_pt\/estudos-geotecnicos-agri-refinarysi\/","title":{"rendered":"ESTUDOS GEOTECNICOS AGRI-REFINARY,SI"},"content":{"rendered":"\t\t<div data-elementor-type=\"wp-page\" data-elementor-id=\"6536\" class=\"elementor elementor-6536\" data-elementor-settings=\"{&quot;ha_cmc_init_switcher&quot;:&quot;no&quot;}\">\n\t\t\t\t\t\t<section class=\"elementor-section elementor-top-section elementor-element elementor-element-5f3e5601 elementor-section-height-min-height elementor-section-boxed elementor-section-height-default elementor-section-items-middle\" data-id=\"5f3e5601\" data-element_type=\"section\" data-settings=\"{&quot;background_background&quot;:&quot;classic&quot;,&quot;_ha_eqh_enable&quot;:false}\">\n\t\t\t\t\t\t\t<div class=\"elementor-background-overlay\"><\/div>\n\t\t\t\t\t\t\t<div class=\"elementor-container elementor-column-gap-default\">\n\t\t\t\t\t<div class=\"elementor-column elementor-col-100 elementor-top-column elementor-element elementor-element-1a1dfb33\" data-id=\"1a1dfb33\" data-element_type=\"column\">\n\t\t\t<div class=\"elementor-widget-wrap\">\n\t\t\t\t\t\t\t<\/div>\n\t\t<\/div>\n\t\t\t\t\t<\/div>\n\t\t<\/section>\n\t\t\t\t<section class=\"elementor-section elementor-top-section elementor-element elementor-element-464a76f4 elementor-section-full_width elementor-section-height-default elementor-section-height-default\" data-id=\"464a76f4\" data-element_type=\"section\" data-settings=\"{&quot;background_background&quot;:&quot;classic&quot;,&quot;_ha_eqh_enable&quot;:false}\">\n\t\t\t\t\t\t\t<div class=\"elementor-background-overlay\"><\/div>\n\t\t\t\t\t\t\t<div class=\"elementor-container elementor-column-gap-wider\">\n\t\t\t\t\t<div class=\"elementor-column elementor-col-100 elementor-top-column elementor-element elementor-element-636bc912\" data-id=\"636bc912\" data-element_type=\"column\">\n\t\t\t<div class=\"elementor-widget-wrap elementor-element-populated\">\n\t\t\t\t\t\t<div class=\"elementor-element elementor-element-2ce5c234 elementor-widget elementor-widget-spacer\" data-id=\"2ce5c234\" data-element_type=\"widget\" data-widget_type=\"spacer.default\">\n\t\t\t\t<div class=\"elementor-widget-container\">\n\t\t\t\t\t\t\t<div class=\"elementor-spacer\">\n\t\t\t<div class=\"elementor-spacer-inner\"><\/div>\n\t\t<\/div>\n\t\t\t\t\t\t<\/div>\n\t\t\t\t<\/div>\n\t\t\t\t<section class=\"elementor-section elementor-inner-section elementor-element elementor-element-66a1683a elementor-section-boxed elementor-section-height-default elementor-section-height-default\" data-id=\"66a1683a\" data-element_type=\"section\" data-settings=\"{&quot;_ha_eqh_enable&quot;:false}\">\n\t\t\t\t\t\t<div class=\"elementor-container elementor-column-gap-wider\">\n\t\t\t\t\t<div class=\"elementor-column elementor-col-100 elementor-inner-column elementor-element elementor-element-6a2bc6b9 elementor-invisible\" data-id=\"6a2bc6b9\" data-element_type=\"column\" data-settings=\"{&quot;background_background&quot;:&quot;classic&quot;,&quot;animation&quot;:&quot;fadeInLeft&quot;}\">\n\t\t\t<div class=\"elementor-widget-wrap elementor-element-populated\">\n\t\t\t\t\t\t<div class=\"elementor-element elementor-element-424512df elementor-widget elementor-widget-heading\" data-id=\"424512df\" data-element_type=\"widget\" data-widget_type=\"heading.default\">\n\t\t\t\t<div class=\"elementor-widget-container\">\n\t\t\t\t\t<h2 class=\"elementor-heading-title elementor-size-default\">\nESTUDOS GEOTECNICOS <strong>\nAGRI-REFINARY,SI<\/strong>\n\n<\/h2>\t\t\t\t<\/div>\n\t\t\t\t<\/div>\n\t\t\t\t<div class=\"elementor-element elementor-element-8fd6b93 gallery-spacing-custom elementor-widget elementor-widget-image-gallery\" data-id=\"8fd6b93\" data-element_type=\"widget\" data-widget_type=\"image-gallery.default\">\n\t\t\t\t<div class=\"elementor-widget-container\">\n\t\t\t\t\t\t\t<div class=\"elementor-image-gallery\">\n\t\t\t<div id='gallery-1' class='gallery galleryid-6536 gallery-columns-7 gallery-size-thumbnail'><figure class='gallery-item'>\n\t\t\t<div class='gallery-icon portrait'>\n\t\t\t\t<a data-elementor-open-lightbox=\"yes\" data-elementor-lightbox-slideshow=\"8fd6b93\" data-elementor-lightbox-title=\"IMG_2067\" data-e-action-hash=\"#elementor-action%3Aaction%3Dlightbox%26settings%3DeyJpZCI6NjQ3NiwidXJsIjoiaHR0cHM6XC9cL2dlb2ZvcnRpcy5jby5telwvd3AtY29udGVudFwvdXBsb2Fkc1wvMjAyNFwvMDZcL0lNR18yMDY3LXNjYWxlZC53ZWJwIiwic2xpZGVzaG93IjoiOGZkNmI5MyJ9\" href='https:\/\/geofortis.co.mz\/wp-content\/uploads\/2024\/06\/IMG_2067-scaled.webp'><img decoding=\"async\" width=\"150\" height=\"150\" src=\"https:\/\/geofortis.co.mz\/wp-content\/uploads\/2024\/06\/IMG_2067-150x150.webp\" class=\"attachment-thumbnail size-thumbnail\" alt=\"\" \/><\/a>\n\t\t\t<\/div><\/figure><figure class='gallery-item'>\n\t\t\t<div class='gallery-icon landscape'>\n\t\t\t\t<a data-elementor-open-lightbox=\"yes\" data-elementor-lightbox-slideshow=\"8fd6b93\" data-elementor-lightbox-title=\"IMG_2005\" data-e-action-hash=\"#elementor-action%3Aaction%3Dlightbox%26settings%3DeyJpZCI6NjQ3NCwidXJsIjoiaHR0cHM6XC9cL2dlb2ZvcnRpcy5jby5telwvd3AtY29udGVudFwvdXBsb2Fkc1wvMjAyNFwvMDZcL0lNR18yMDA1LXNjYWxlZC53ZWJwIiwic2xpZGVzaG93IjoiOGZkNmI5MyJ9\" href='https:\/\/geofortis.co.mz\/wp-content\/uploads\/2024\/06\/IMG_2005-scaled.webp'><img decoding=\"async\" width=\"150\" height=\"150\" src=\"https:\/\/geofortis.co.mz\/wp-content\/uploads\/2024\/06\/IMG_2005-150x150.webp\" class=\"attachment-thumbnail size-thumbnail\" alt=\"\" \/><\/a>\n\t\t\t<\/div><\/figure><figure class='gallery-item'>\n\t\t\t<div class='gallery-icon portrait'>\n\t\t\t\t<a data-elementor-open-lightbox=\"yes\" data-elementor-lightbox-slideshow=\"8fd6b93\" data-elementor-lightbox-title=\"IMG_2004\" data-e-action-hash=\"#elementor-action%3Aaction%3Dlightbox%26settings%3DeyJpZCI6NjQ3MywidXJsIjoiaHR0cHM6XC9cL2dlb2ZvcnRpcy5jby5telwvd3AtY29udGVudFwvdXBsb2Fkc1wvMjAyNFwvMDZcL0lNR18yMDA0LXNjYWxlZC53ZWJwIiwic2xpZGVzaG93IjoiOGZkNmI5MyJ9\" href='https:\/\/geofortis.co.mz\/wp-content\/uploads\/2024\/06\/IMG_2004-scaled.webp'><img decoding=\"async\" width=\"150\" height=\"150\" src=\"https:\/\/geofortis.co.mz\/wp-content\/uploads\/2024\/06\/IMG_2004-150x150.webp\" class=\"attachment-thumbnail size-thumbnail\" alt=\"\" \/><\/a>\n\t\t\t<\/div><\/figure><figure class='gallery-item'>\n\t\t\t<div class='gallery-icon landscape'>\n\t\t\t\t<a data-elementor-open-lightbox=\"yes\" data-elementor-lightbox-slideshow=\"8fd6b93\" data-elementor-lightbox-title=\"IMG_3331\" data-e-action-hash=\"#elementor-action%3Aaction%3Dlightbox%26settings%3DeyJpZCI6NjUyMSwidXJsIjoiaHR0cHM6XC9cL2dlb2ZvcnRpcy5jby5telwvd3AtY29udGVudFwvdXBsb2Fkc1wvMjAyNFwvMDZcL0lNR18zMzMxLXNjYWxlZC5qcGciLCJzbGlkZXNob3ciOiI4ZmQ2YjkzIn0%3D\" href='https:\/\/geofortis.co.mz\/wp-content\/uploads\/2024\/06\/IMG_3331-scaled.jpg'><img loading=\"lazy\" decoding=\"async\" width=\"150\" height=\"150\" src=\"https:\/\/geofortis.co.mz\/wp-content\/uploads\/2024\/06\/IMG_3331-150x150.jpg\" class=\"attachment-thumbnail size-thumbnail\" alt=\"\" \/><\/a>\n\t\t\t<\/div><\/figure><figure class='gallery-item'>\n\t\t\t<div class='gallery-icon landscape'>\n\t\t\t\t<a data-elementor-open-lightbox=\"yes\" data-elementor-lightbox-slideshow=\"8fd6b93\" data-elementor-lightbox-title=\"IMG_2069\" data-e-action-hash=\"#elementor-action%3Aaction%3Dlightbox%26settings%3DeyJpZCI6NjQ3NywidXJsIjoiaHR0cHM6XC9cL2dlb2ZvcnRpcy5jby5telwvd3AtY29udGVudFwvdXBsb2Fkc1wvMjAyNFwvMDZcL0lNR18yMDY5LXNjYWxlZC53ZWJwIiwic2xpZGVzaG93IjoiOGZkNmI5MyJ9\" href='https:\/\/geofortis.co.mz\/wp-content\/uploads\/2024\/06\/IMG_2069-scaled.webp'><img loading=\"lazy\" decoding=\"async\" width=\"150\" height=\"150\" src=\"https:\/\/geofortis.co.mz\/wp-content\/uploads\/2024\/06\/IMG_2069-150x150.webp\" class=\"attachment-thumbnail size-thumbnail\" alt=\"\" \/><\/a>\n\t\t\t<\/div><\/figure><figure class='gallery-item'>\n\t\t\t<div class='gallery-icon landscape'>\n\t\t\t\t<a data-elementor-open-lightbox=\"yes\" data-elementor-lightbox-slideshow=\"8fd6b93\" data-elementor-lightbox-title=\"IMG_20793\" data-e-action-hash=\"#elementor-action%3Aaction%3Dlightbox%26settings%3DeyJpZCI6NjQ2NiwidXJsIjoiaHR0cHM6XC9cL2dlb2ZvcnRpcy5jby5telwvd3AtY29udGVudFwvdXBsb2Fkc1wvMjAyNFwvMDZcL0lNR18yMDc5My1zY2FsZWQud2VicCIsInNsaWRlc2hvdyI6IjhmZDZiOTMifQ%3D%3D\" href='https:\/\/geofortis.co.mz\/wp-content\/uploads\/2024\/06\/IMG_20793-scaled.webp'><img loading=\"lazy\" decoding=\"async\" width=\"150\" height=\"150\" src=\"https:\/\/geofortis.co.mz\/wp-content\/uploads\/2024\/06\/IMG_20793-150x150.webp\" class=\"attachment-thumbnail size-thumbnail\" alt=\"\" \/><\/a>\n\t\t\t<\/div><\/figure><figure class='gallery-item'>\n\t\t\t<div class='gallery-icon portrait'>\n\t\t\t\t<a data-elementor-open-lightbox=\"yes\" data-elementor-lightbox-slideshow=\"8fd6b93\" data-elementor-lightbox-title=\"IMG_3339 v\" data-e-action-hash=\"#elementor-action%3Aaction%3Dlightbox%26settings%3DeyJpZCI6NjUyNSwidXJsIjoiaHR0cHM6XC9cL2dlb2ZvcnRpcy5jby5telwvd3AtY29udGVudFwvdXBsb2Fkc1wvMjAyNFwvMDZcL0lNR18zMzM5LXYuanBnIiwic2xpZGVzaG93IjoiOGZkNmI5MyJ9\" href='https:\/\/geofortis.co.mz\/wp-content\/uploads\/2024\/06\/IMG_3339-v.jpg'><img loading=\"lazy\" decoding=\"async\" width=\"150\" height=\"150\" src=\"https:\/\/geofortis.co.mz\/wp-content\/uploads\/2024\/06\/IMG_3339-v-150x150.jpg\" class=\"attachment-thumbnail size-thumbnail\" alt=\"\" \/><\/a>\n\t\t\t<\/div><\/figure>\n\t\t<\/div>\n\t\t<\/div>\n\t\t\t\t\t\t<\/div>\n\t\t\t\t<\/div>\n\t\t\t\t\t<\/div>\n\t\t<\/div>\n\t\t\t\t\t<\/div>\n\t\t<\/section>\n\t\t\t\t\t<\/div>\n\t\t<\/div>\n\t\t\t\t\t<\/div>\n\t\t<\/section>\n\t\t\t\t<section class=\"elementor-section elementor-top-section elementor-element elementor-element-1ba56c52 elementor-section-height-min-height elementor-section-boxed elementor-section-height-default elementor-section-items-middle\" data-id=\"1ba56c52\" data-element_type=\"section\" data-settings=\"{&quot;background_background&quot;:&quot;classic&quot;,&quot;_ha_eqh_enable&quot;:false}\">\n\t\t\t\t\t\t\t<div class=\"elementor-background-overlay\"><\/div>\n\t\t\t\t\t\t\t<div class=\"elementor-container elementor-column-gap-default\">\n\t\t\t\t\t<div class=\"elementor-column elementor-col-100 elementor-top-column elementor-element elementor-element-740060fb\" data-id=\"740060fb\" data-element_type=\"column\">\n\t\t\t<div class=\"elementor-widget-wrap elementor-element-populated\">\n\t\t\t\t\t\t<div class=\"elementor-element elementor-element-50992997 elementor-widget-divider--view-line elementor-widget elementor-widget-divider\" data-id=\"50992997\" data-element_type=\"widget\" data-widget_type=\"divider.default\">\n\t\t\t\t<div class=\"elementor-widget-container\">\n\t\t\t\t\t\t\t<div class=\"elementor-divider\">\n\t\t\t<span class=\"elementor-divider-separator\">\n\t\t\t\t\t\t<\/span>\n\t\t<\/div>\n\t\t\t\t\t\t<\/div>\n\t\t\t\t<\/div>\n\t\t\t\t\t<\/div>\n\t\t<\/div>\n\t\t\t\t\t<\/div>\n\t\t<\/section>\n\t\t\t\t<section class=\"elementor-section elementor-top-section elementor-element elementor-element-796e196c elementor-section-boxed elementor-section-height-default elementor-section-height-default\" data-id=\"796e196c\" data-element_type=\"section\" data-settings=\"{&quot;_ha_eqh_enable&quot;:false}\">\n\t\t\t\t\t\t<div class=\"elementor-container elementor-column-gap-default\">\n\t\t\t\t\t<div class=\"elementor-column elementor-col-100 elementor-top-column elementor-element elementor-element-3ef3df\" data-id=\"3ef3df\" data-element_type=\"column\">\n\t\t\t<div class=\"elementor-widget-wrap elementor-element-populated\">\n\t\t\t\t\t\t<div class=\"elementor-element elementor-element-203ee0cf elementor-widget__width-initial elementor-widget elementor-widget-heading\" data-id=\"203ee0cf\" data-element_type=\"widget\" data-widget_type=\"heading.default\">\n\t\t\t\t<div class=\"elementor-widget-container\">\n\t\t\t\t\t<h2 class=\"elementor-heading-title elementor-size-default\">Outros   <strong> Projectos<\/strong> \n<\/h2>\t\t\t\t<\/div>\n\t\t\t\t<\/div>\n\t\t\t\t\t<\/div>\n\t\t<\/div>\n\t\t\t\t\t<\/div>\n\t\t<\/section>\n\t\t\t\t<section class=\"elementor-section elementor-top-section elementor-element elementor-element-19cb3637 elementor-section-boxed elementor-section-height-default elementor-section-height-default\" data-id=\"19cb3637\" data-element_type=\"section\" data-settings=\"{&quot;_ha_eqh_enable&quot;:false}\">\n\t\t\t\t\t\t<div class=\"elementor-container elementor-column-gap-default\">\n\t\t\t\t\t<div class=\"elementor-column elementor-col-100 elementor-top-column elementor-element elementor-element-26755663\" data-id=\"26755663\" data-element_type=\"column\">\n\t\t\t<div class=\"elementor-widget-wrap elementor-element-populated\">\n\t\t\t\t\t\t<div class=\"elementor-element elementor-element-445ba119 elementor-widget elementor-widget-ha-carousel happy-addon ha-carousel\" data-id=\"445ba119\" data-element_type=\"widget\" data-settings=\"{&quot;slides_to_show&quot;:&quot;4&quot;,&quot;animation_speed&quot;:300,&quot;autoplay&quot;:&quot;yes&quot;,&quot;autoplay_speed&quot;:3000,&quot;loop&quot;:&quot;yes&quot;,&quot;navigation&quot;:&quot;arrow&quot;,&quot;slides_to_show_tablet&quot;:3,&quot;slides_to_show_mobile&quot;:2}\" data-widget_type=\"ha-carousel.default\">\n\t\t\t\t<div class=\"elementor-widget-container\">\n\t\t\t\t\t\n\t\t<div data-ha_rcc_uid=\"\" class=\"hajs-slick ha-slick ha-slick--carousel\">\n\n\t\t\t\n\t\t\t\t<div class=\"ha-slick-slide slick-slide\">\n\t\t\t\t\t<a class=\"ha-slick-item\" href=\"https:\/\/geofortis.co.mz\/investigacao-geotecnica\/\">\n\t\t\t\t\t\t\t\t\t\t\t\t\t<img decoding=\"async\" class=\"ha-slick-img\" src=\"https:\/\/geofortis.co.mz\/wp-content\/uploads\/2024\/02\/Editado3-768x1018.png\" alt=\"Sondagens Geot\u00e9cnicas  \">\n\t\t\t\t\t\t\n\t\t\t\t\t\t\t\t\t\t\t\t\t<div class=\"ha-slick-content\">\n\t\t\t\t\t\t\t\t<h2 class=\"ha-slick-title\">Sondagens Geot\u00e9cnicas  <\/h2>\t\t\t\t\t\t\t\t\t\t\t\t\t\t\t\t\t<p class=\"ha-slick-subtitle\">Ver mais <\/p>\n\t\t\t\t\t\t\t\t\t\t\t\t\t\t\t<\/div>\n\t\t\t\t\t\t\t\t\t\t\t<\/a>\n\t\t\t\t<\/div>\n\n\t\t\t\n\t\t\t\t<div class=\"ha-slick-slide slick-slide\">\n\t\t\t\t\t<a class=\"ha-slick-item\" href=\"https:\/\/geofortis.co.mz\/melhoramento-de-solos\/\">\n\t\t\t\t\t\t\t\t\t\t\t\t\t<img decoding=\"async\" class=\"ha-slick-img\" src=\"https:\/\/geofortis.co.mz\/wp-content\/uploads\/2024\/02\/Editado2-768x1018.png\" alt=\"Melhoramento de Solo\">\n\t\t\t\t\t\t\n\t\t\t\t\t\t\t\t\t\t\t\t\t<div class=\"ha-slick-content\">\n\t\t\t\t\t\t\t\t<h2 class=\"ha-slick-title\">Melhoramento de Solo<\/h2>\t\t\t\t\t\t\t\t\t\t\t\t\t\t\t\t\t<p class=\"ha-slick-subtitle\">Ver mais <\/p>\n\t\t\t\t\t\t\t\t\t\t\t\t\t\t\t<\/div>\n\t\t\t\t\t\t\t\t\t\t\t<\/a>\n\t\t\t\t<\/div>\n\n\t\t\t\n\t\t\t\t<div class=\"ha-slick-slide slick-slide\">\n\t\t\t\t\t<a class=\"ha-slick-item\" href=\"https:\/\/geofortis.co.mz\/instrumentacao\/\">\n\t\t\t\t\t\t\t\t\t\t\t\t\t<img decoding=\"async\" class=\"ha-slick-img\" src=\"https:\/\/geofortis.co.mz\/wp-content\/uploads\/2024\/02\/Brevemente2-768x1018.png\" alt=\"Instrumenta\u00e7\u00e3o \">\n\t\t\t\t\t\t\n\t\t\t\t\t\t\t\t\t\t\t\t\t<div class=\"ha-slick-content\">\n\t\t\t\t\t\t\t\t<h2 class=\"ha-slick-title\">Instrumenta\u00e7\u00e3o <\/h2>\t\t\t\t\t\t\t\t\t\t\t\t\t\t\t\t\t<p class=\"ha-slick-subtitle\">Ver mais <\/p>\n\t\t\t\t\t\t\t\t\t\t\t\t\t\t\t<\/div>\n\t\t\t\t\t\t\t\t\t\t\t<\/a>\n\t\t\t\t<\/div>\n\n\t\t\t\n\t\t\t\t<div class=\"ha-slick-slide slick-slide\">\n\t\t\t\t\t<a class=\"ha-slick-item\" href=\"https:\/\/geofortis.co.mz\/contencoes-perifericas\/\">\n\t\t\t\t\t\t\t\t\t\t\t\t\t<img decoding=\"async\" class=\"ha-slick-img\" src=\"https:\/\/geofortis.co.mz\/wp-content\/uploads\/2024\/02\/Editado5-768x1018.png\" alt=\"Conten\u00e7\u00f5es perif\u00e9ricas \">\n\t\t\t\t\t\t\n\t\t\t\t\t\t\t\t\t\t\t\t\t<div class=\"ha-slick-content\">\n\t\t\t\t\t\t\t\t<h2 class=\"ha-slick-title\">Conten\u00e7\u00f5es perif\u00e9ricas <\/h2>\t\t\t\t\t\t\t\t\t\t\t\t\t\t\t\t\t<p class=\"ha-slick-subtitle\">Ver mais <\/p>\n\t\t\t\t\t\t\t\t\t\t\t\t\t\t\t<\/div>\n\t\t\t\t\t\t\t\t\t\t\t<\/a>\n\t\t\t\t<\/div>\n\n\t\t\t\n\t\t\t\t<div class=\"ha-slick-slide slick-slide\">\n\t\t\t\t\t<a class=\"ha-slick-item\" href=\"https:\/\/geofortis.co.mz\/consultoria-eprojectos\/\">\n\t\t\t\t\t\t\t\t\t\t\t\t\t<img decoding=\"async\" class=\"ha-slick-img\" src=\"https:\/\/geofortis.co.mz\/wp-content\/uploads\/2024\/02\/Brevemente3-768x1018.webp\" alt=\"Consultoria  \">\n\t\t\t\t\t\t\n\t\t\t\t\t\t\t\t\t\t\t\t\t<div class=\"ha-slick-content\">\n\t\t\t\t\t\t\t\t<h2 class=\"ha-slick-title\">Consultoria  <\/h2>\t\t\t\t\t\t\t\t\t\t\t\t\t\t\t\t\t<p class=\"ha-slick-subtitle\">Ver mais <\/p>\n\t\t\t\t\t\t\t\t\t\t\t\t\t\t\t<\/div>\n\t\t\t\t\t\t\t\t\t\t\t<\/a>\n\t\t\t\t<\/div>\n\n\t\t\t\n\t\t\t\t<div class=\"ha-slick-slide slick-slide\">\n\t\t\t\t\t<a class=\"ha-slick-item\" href=\"https:\/\/geofortis.co.mz\/obras-maritimas\/\">\n\t\t\t\t\t\t\t\t\t\t\t\t\t<img decoding=\"async\" class=\"ha-slick-img\" src=\"https:\/\/geofortis.co.mz\/wp-content\/uploads\/2024\/02\/2-768x1026.webp\" alt=\"Obras Marinhas \">\n\t\t\t\t\t\t\n\t\t\t\t\t\t\t\t\t\t\t\t\t<div class=\"ha-slick-content\">\n\t\t\t\t\t\t\t\t<h2 class=\"ha-slick-title\">Obras Marinhas <\/h2>\t\t\t\t\t\t\t\t\t\t\t\t\t\t\t\t\t<p class=\"ha-slick-subtitle\">Ver mais <\/p>\n\t\t\t\t\t\t\t\t\t\t\t\t\t\t\t<\/div>\n\t\t\t\t\t\t\t\t\t\t\t<\/a>\n\t\t\t\t<\/div>\n\n\t\t\t\n\t\t<\/div>\n\n\t\t\t\t\t<button type=\"button\" class=\"slick-prev\"><svg aria-hidden=\"true\" class=\"e-font-icon-svg e-fas-chevron-left\" viewBox=\"0 0 320 512\" xmlns=\"http:\/\/www.w3.org\/2000\/svg\"><path d=\"M34.52 239.03L228.87 44.69c9.37-9.37 24.57-9.37 33.94 0l22.67 22.67c9.36 9.36 9.37 24.52.04 33.9L131.49 256l154.02 154.75c9.34 9.38 9.32 24.54-.04 33.9l-22.67 22.67c-9.37 9.37-24.57 9.37-33.94 0L34.52 272.97c-9.37-9.37-9.37-24.57 0-33.94z\"><\/path><\/svg><\/button>\n\t\t\n\t\t\t\t\t<button type=\"button\" class=\"slick-next\"><svg aria-hidden=\"true\" class=\"e-font-icon-svg e-fas-chevron-right\" viewBox=\"0 0 320 512\" xmlns=\"http:\/\/www.w3.org\/2000\/svg\"><path d=\"M285.476 272.971L91.132 467.314c-9.373 9.373-24.569 9.373-33.941 0l-22.667-22.667c-9.357-9.357-9.375-24.522-.04-33.901L188.505 256 34.484 101.255c-9.335-9.379-9.317-24.544.04-33.901l22.667-22.667c9.373-9.373 24.569-9.373 33.941 0L285.475 239.03c9.373 9.372 9.373 24.568.001 33.941z\"><\/path><\/svg><\/button>\n\t\t\n\t\t\t\t\t\t<\/div>\n\t\t\t\t<\/div>\n\t\t\t\t\t<\/div>\n\t\t<\/div>\n\t\t\t\t\t<\/div>\n\t\t<\/section>\n\t\t\t\t<\/div>\n\t\t","protected":false},"excerpt":{"rendered":"<p>ESTUDOS GEOTECNICOS AGRI-REFINARY,SI Outros Projectos Sondagens Geot\u00e9cnicas Ver mais Melhoramento de Solo Ver mais Instrumenta\u00e7\u00e3o Ver mais Conten\u00e7\u00f5es perif\u00e9ricas Ver mais Consultoria Ver mais Obras Marinhas Ver mais<\/p>\n","protected":false},"author":1,"featured_media":0,"parent":0,"menu_order":0,"comment_status":"closed","ping_status":"closed","template":"elementor_header_footer","meta":{"footnotes":""},"class_list":["post-6536","page","type-page","status-publish","hentry"],"_links":{"self":[{"href":"https:\/\/geofortis.co.mz\/pt_pt\/wp-json\/wp\/v2\/pages\/6536","targetHints":{"allow":["GET"]}}],"collection":[{"href":"https:\/\/geofortis.co.mz\/pt_pt\/wp-json\/wp\/v2\/pages"}],"about":[{"href":"https:\/\/geofortis.co.mz\/pt_pt\/wp-json\/wp\/v2\/types\/page"}],"author":[{"embeddable":true,"href":"https:\/\/geofortis.co.mz\/pt_pt\/wp-json\/wp\/v2\/users\/1"}],"replies":[{"embeddable":true,"href":"https:\/\/geofortis.co.mz\/pt_pt\/wp-json\/wp\/v2\/comments?post=6536"}],"version-history":[{"count":22,"href":"https:\/\/geofortis.co.mz\/pt_pt\/wp-json\/wp\/v2\/pages\/6536\/revisions"}],"predecessor-version":[{"id":6571,"href":"https:\/\/geofortis.co.mz\/pt_pt\/wp-json\/wp\/v2\/pages\/6536\/revisions\/6571"}],"wp:attachment":[{"href":"https:\/\/geofortis.co.mz\/pt_pt\/wp-json\/wp\/v2\/media?parent=6536"}],"curies":[{"name":"wp","href":"https:\/\/api.w.org\/{rel}","templated":true}]}}