{"id":6683,"date":"2024-06-23T21:26:08","date_gmt":"2024-06-23T21:26:08","guid":{"rendered":"https:\/\/geofortis.co.mz\/?page_id=6683"},"modified":"2024-06-23T22:06:16","modified_gmt":"2024-06-23T22:06:16","slug":"projecto-de-consultoria-lake-oil","status":"publish","type":"page","link":"https:\/\/geofortis.co.mz\/pt_pt\/projecto-de-consultoria-lake-oil\/","title":{"rendered":"PROJECTO DE CONSULTORIA LAKE OIL"},"content":{"rendered":"\t\t<div data-elementor-type=\"wp-page\" data-elementor-id=\"6683\" class=\"elementor elementor-6683\" data-elementor-settings=\"{&quot;ha_cmc_init_switcher&quot;:&quot;no&quot;}\">\n\t\t\t\t\t\t<section class=\"elementor-section elementor-top-section elementor-element elementor-element-4eb6441c elementor-section-height-min-height elementor-section-boxed elementor-section-height-default elementor-section-items-middle\" data-id=\"4eb6441c\" data-element_type=\"section\" data-settings=\"{&quot;background_background&quot;:&quot;classic&quot;,&quot;_ha_eqh_enable&quot;:false}\">\n\t\t\t\t\t\t\t<div class=\"elementor-background-overlay\"><\/div>\n\t\t\t\t\t\t\t<div class=\"elementor-container elementor-column-gap-default\">\n\t\t\t\t\t<div class=\"elementor-column elementor-col-100 elementor-top-column elementor-element elementor-element-4cfb6a92\" data-id=\"4cfb6a92\" data-element_type=\"column\">\n\t\t\t<div class=\"elementor-widget-wrap\">\n\t\t\t\t\t\t\t<\/div>\n\t\t<\/div>\n\t\t\t\t\t<\/div>\n\t\t<\/section>\n\t\t\t\t<section class=\"elementor-section elementor-top-section elementor-element elementor-element-11fd6387 elementor-section-full_width elementor-section-height-default elementor-section-height-default\" data-id=\"11fd6387\" data-element_type=\"section\" data-settings=\"{&quot;background_background&quot;:&quot;classic&quot;,&quot;_ha_eqh_enable&quot;:false}\">\n\t\t\t\t\t\t\t<div class=\"elementor-background-overlay\"><\/div>\n\t\t\t\t\t\t\t<div class=\"elementor-container elementor-column-gap-wider\">\n\t\t\t\t\t<div class=\"elementor-column elementor-col-100 elementor-top-column elementor-element elementor-element-76eb56af\" data-id=\"76eb56af\" data-element_type=\"column\">\n\t\t\t<div class=\"elementor-widget-wrap elementor-element-populated\">\n\t\t\t\t\t\t<div class=\"elementor-element elementor-element-7ac1324f elementor-widget elementor-widget-spacer\" data-id=\"7ac1324f\" data-element_type=\"widget\" data-widget_type=\"spacer.default\">\n\t\t\t\t<div class=\"elementor-widget-container\">\n\t\t\t\t\t\t\t<div class=\"elementor-spacer\">\n\t\t\t<div class=\"elementor-spacer-inner\"><\/div>\n\t\t<\/div>\n\t\t\t\t\t\t<\/div>\n\t\t\t\t<\/div>\n\t\t\t\t<section class=\"elementor-section elementor-inner-section elementor-element elementor-element-71acc501 elementor-section-boxed elementor-section-height-default elementor-section-height-default\" data-id=\"71acc501\" data-element_type=\"section\" data-settings=\"{&quot;_ha_eqh_enable&quot;:false}\">\n\t\t\t\t\t\t<div class=\"elementor-container elementor-column-gap-wider\">\n\t\t\t\t\t<div class=\"elementor-column elementor-col-100 elementor-inner-column elementor-element elementor-element-4b9e4362 elementor-invisible\" data-id=\"4b9e4362\" data-element_type=\"column\" data-settings=\"{&quot;background_background&quot;:&quot;classic&quot;,&quot;animation&quot;:&quot;fadeInLeft&quot;}\">\n\t\t\t<div class=\"elementor-widget-wrap elementor-element-populated\">\n\t\t\t\t\t\t<div class=\"elementor-element elementor-element-8343bcf elementor-widget elementor-widget-heading\" data-id=\"8343bcf\" data-element_type=\"widget\" data-widget_type=\"heading.default\">\n\t\t\t\t<div class=\"elementor-widget-container\">\n\t\t\t\t\t<h2 class=\"elementor-heading-title elementor-size-default\">\nPROJECTO DE CONSULTORIA  <strong>\nLAKE OIL<\/strong>\n\n<\/h2>\t\t\t\t<\/div>\n\t\t\t\t<\/div>\n\t\t\t\t<div class=\"elementor-element elementor-element-2efefacf gallery-spacing-custom elementor-widget elementor-widget-image-gallery\" data-id=\"2efefacf\" data-element_type=\"widget\" data-widget_type=\"image-gallery.default\">\n\t\t\t\t<div class=\"elementor-widget-container\">\n\t\t\t\t\t\t\t<div class=\"elementor-image-gallery\">\n\t\t\t<div id='gallery-1' class='gallery galleryid-6683 gallery-columns-7 gallery-size-thumbnail'><figure class='gallery-item'>\n\t\t\t<div class='gallery-icon landscape'>\n\t\t\t\t<a data-elementor-open-lightbox=\"yes\" data-elementor-lightbox-slideshow=\"2efefacf\" data-elementor-lightbox-title=\"IMG_2090\" data-e-action-hash=\"#elementor-action%3Aaction%3Dlightbox%26settings%3DeyJpZCI6NjY4OCwidXJsIjoiaHR0cHM6XC9cL2dlb2ZvcnRpcy5jby5telwvd3AtY29udGVudFwvdXBsb2Fkc1wvMjAyNFwvMDZcL0lNR18yMDkwLXNjYWxlZC5qcGciLCJzbGlkZXNob3ciOiIyZWZlZmFjZiJ9\" href='https:\/\/geofortis.co.mz\/wp-content\/uploads\/2024\/06\/IMG_2090-scaled.jpg'><img decoding=\"async\" width=\"150\" height=\"150\" src=\"https:\/\/geofortis.co.mz\/wp-content\/uploads\/2024\/06\/IMG_2090-150x150.jpg\" class=\"attachment-thumbnail size-thumbnail\" alt=\"\" \/><\/a>\n\t\t\t<\/div><\/figure><figure class='gallery-item'>\n\t\t\t<div class='gallery-icon landscape'>\n\t\t\t\t<a data-elementor-open-lightbox=\"yes\" data-elementor-lightbox-slideshow=\"2efefacf\" data-elementor-lightbox-title=\"IMG_2103\" data-e-action-hash=\"#elementor-action%3Aaction%3Dlightbox%26settings%3DeyJpZCI6NjY5MCwidXJsIjoiaHR0cHM6XC9cL2dlb2ZvcnRpcy5jby5telwvd3AtY29udGVudFwvdXBsb2Fkc1wvMjAyNFwvMDZcL0lNR18yMTAzLXNjYWxlZC5qcGciLCJzbGlkZXNob3ciOiIyZWZlZmFjZiJ9\" href='https:\/\/geofortis.co.mz\/wp-content\/uploads\/2024\/06\/IMG_2103-scaled.jpg'><img decoding=\"async\" width=\"150\" height=\"150\" src=\"https:\/\/geofortis.co.mz\/wp-content\/uploads\/2024\/06\/IMG_2103-150x150.jpg\" class=\"attachment-thumbnail size-thumbnail\" alt=\"\" \/><\/a>\n\t\t\t<\/div><\/figure><figure class='gallery-item'>\n\t\t\t<div class='gallery-icon portrait'>\n\t\t\t\t<a data-elementor-open-lightbox=\"yes\" data-elementor-lightbox-slideshow=\"2efefacf\" data-elementor-lightbox-title=\"IMG_2091\" data-e-action-hash=\"#elementor-action%3Aaction%3Dlightbox%26settings%3DeyJpZCI6NjY4OSwidXJsIjoiaHR0cHM6XC9cL2dlb2ZvcnRpcy5jby5telwvd3AtY29udGVudFwvdXBsb2Fkc1wvMjAyNFwvMDZcL0lNR18yMDkxLXNjYWxlZC5qcGciLCJzbGlkZXNob3ciOiIyZWZlZmFjZiJ9\" href='https:\/\/geofortis.co.mz\/wp-content\/uploads\/2024\/06\/IMG_2091-scaled.jpg'><img decoding=\"async\" width=\"150\" height=\"150\" src=\"https:\/\/geofortis.co.mz\/wp-content\/uploads\/2024\/06\/IMG_2091-150x150.jpg\" class=\"attachment-thumbnail size-thumbnail\" alt=\"\" \/><\/a>\n\t\t\t<\/div><\/figure>\n\t\t<\/div>\n\t\t<\/div>\n\t\t\t\t\t\t<\/div>\n\t\t\t\t<\/div>\n\t\t\t\t\t<\/div>\n\t\t<\/div>\n\t\t\t\t\t<\/div>\n\t\t<\/section>\n\t\t\t\t\t<\/div>\n\t\t<\/div>\n\t\t\t\t\t<\/div>\n\t\t<\/section>\n\t\t\t\t<section class=\"elementor-section elementor-top-section elementor-element elementor-element-64e765ec elementor-section-height-min-height elementor-section-boxed elementor-section-height-default elementor-section-items-middle\" data-id=\"64e765ec\" data-element_type=\"section\" data-settings=\"{&quot;background_background&quot;:&quot;classic&quot;,&quot;_ha_eqh_enable&quot;:false}\">\n\t\t\t\t\t\t\t<div class=\"elementor-background-overlay\"><\/div>\n\t\t\t\t\t\t\t<div class=\"elementor-container elementor-column-gap-default\">\n\t\t\t\t\t<div class=\"elementor-column elementor-col-100 elementor-top-column elementor-element elementor-element-18132475\" data-id=\"18132475\" data-element_type=\"column\">\n\t\t\t<div class=\"elementor-widget-wrap elementor-element-populated\">\n\t\t\t\t\t\t<div class=\"elementor-element elementor-element-5d312377 elementor-widget-divider--view-line elementor-widget elementor-widget-divider\" data-id=\"5d312377\" data-element_type=\"widget\" data-widget_type=\"divider.default\">\n\t\t\t\t<div class=\"elementor-widget-container\">\n\t\t\t\t\t\t\t<div class=\"elementor-divider\">\n\t\t\t<span class=\"elementor-divider-separator\">\n\t\t\t\t\t\t<\/span>\n\t\t<\/div>\n\t\t\t\t\t\t<\/div>\n\t\t\t\t<\/div>\n\t\t\t\t\t<\/div>\n\t\t<\/div>\n\t\t\t\t\t<\/div>\n\t\t<\/section>\n\t\t\t\t<section class=\"elementor-section elementor-top-section elementor-element elementor-element-1943c86c elementor-section-boxed elementor-section-height-default elementor-section-height-default\" data-id=\"1943c86c\" data-element_type=\"section\" data-settings=\"{&quot;_ha_eqh_enable&quot;:false}\">\n\t\t\t\t\t\t<div class=\"elementor-container elementor-column-gap-default\">\n\t\t\t\t\t<div class=\"elementor-column elementor-col-100 elementor-top-column elementor-element elementor-element-3ecf956c\" data-id=\"3ecf956c\" data-element_type=\"column\">\n\t\t\t<div class=\"elementor-widget-wrap elementor-element-populated\">\n\t\t\t\t\t\t<div class=\"elementor-element elementor-element-4b985494 elementor-widget__width-initial elementor-widget elementor-widget-heading\" data-id=\"4b985494\" data-element_type=\"widget\" data-widget_type=\"heading.default\">\n\t\t\t\t<div class=\"elementor-widget-container\">\n\t\t\t\t\t<h2 class=\"elementor-heading-title elementor-size-default\">Outros   <strong> Projectos<\/strong> \n<\/h2>\t\t\t\t<\/div>\n\t\t\t\t<\/div>\n\t\t\t\t\t<\/div>\n\t\t<\/div>\n\t\t\t\t\t<\/div>\n\t\t<\/section>\n\t\t\t\t<section class=\"elementor-section elementor-top-section elementor-element elementor-element-4d62d729 elementor-section-boxed elementor-section-height-default elementor-section-height-default\" data-id=\"4d62d729\" data-element_type=\"section\" data-settings=\"{&quot;_ha_eqh_enable&quot;:false}\">\n\t\t\t\t\t\t<div class=\"elementor-container elementor-column-gap-default\">\n\t\t\t\t\t<div class=\"elementor-column elementor-col-100 elementor-top-column elementor-element elementor-element-3c9e47b3\" data-id=\"3c9e47b3\" data-element_type=\"column\">\n\t\t\t<div class=\"elementor-widget-wrap elementor-element-populated\">\n\t\t\t\t\t\t<div class=\"elementor-element elementor-element-757e0291 elementor-widget elementor-widget-ha-carousel happy-addon ha-carousel\" data-id=\"757e0291\" data-element_type=\"widget\" data-settings=\"{&quot;slides_to_show&quot;:&quot;4&quot;,&quot;animation_speed&quot;:300,&quot;autoplay&quot;:&quot;yes&quot;,&quot;autoplay_speed&quot;:3000,&quot;loop&quot;:&quot;yes&quot;,&quot;navigation&quot;:&quot;arrow&quot;,&quot;slides_to_show_tablet&quot;:3,&quot;slides_to_show_mobile&quot;:2}\" data-widget_type=\"ha-carousel.default\">\n\t\t\t\t<div class=\"elementor-widget-container\">\n\t\t\t\t\t\n\t\t<div data-ha_rcc_uid=\"\" class=\"hajs-slick ha-slick ha-slick--carousel\">\n\n\t\t\t\n\t\t\t\t<div class=\"ha-slick-slide slick-slide\">\n\t\t\t\t\t<a class=\"ha-slick-item\" href=\"https:\/\/geofortis.co.mz\/investigacao-geotecnica\/\">\n\t\t\t\t\t\t\t\t\t\t\t\t\t<img decoding=\"async\" class=\"ha-slick-img\" src=\"https:\/\/geofortis.co.mz\/wp-content\/uploads\/2024\/02\/Editado3-768x1018.png\" alt=\"Sondagens Geot\u00e9cnicas  \">\n\t\t\t\t\t\t\n\t\t\t\t\t\t\t\t\t\t\t\t\t<div class=\"ha-slick-content\">\n\t\t\t\t\t\t\t\t<h2 class=\"ha-slick-title\">Sondagens Geot\u00e9cnicas  <\/h2>\t\t\t\t\t\t\t\t\t\t\t\t\t\t\t\t\t<p class=\"ha-slick-subtitle\">Ver mais <\/p>\n\t\t\t\t\t\t\t\t\t\t\t\t\t\t\t<\/div>\n\t\t\t\t\t\t\t\t\t\t\t<\/a>\n\t\t\t\t<\/div>\n\n\t\t\t\n\t\t\t\t<div class=\"ha-slick-slide slick-slide\">\n\t\t\t\t\t<a class=\"ha-slick-item\" href=\"https:\/\/geofortis.co.mz\/melhoramento-de-solos\/\">\n\t\t\t\t\t\t\t\t\t\t\t\t\t<img decoding=\"async\" class=\"ha-slick-img\" src=\"https:\/\/geofortis.co.mz\/wp-content\/uploads\/2024\/02\/Editado2-768x1018.png\" alt=\"Melhoramento de Solo\">\n\t\t\t\t\t\t\n\t\t\t\t\t\t\t\t\t\t\t\t\t<div class=\"ha-slick-content\">\n\t\t\t\t\t\t\t\t<h2 class=\"ha-slick-title\">Melhoramento de Solo<\/h2>\t\t\t\t\t\t\t\t\t\t\t\t\t\t\t\t\t<p class=\"ha-slick-subtitle\">Ver mais <\/p>\n\t\t\t\t\t\t\t\t\t\t\t\t\t\t\t<\/div>\n\t\t\t\t\t\t\t\t\t\t\t<\/a>\n\t\t\t\t<\/div>\n\n\t\t\t\n\t\t\t\t<div class=\"ha-slick-slide slick-slide\">\n\t\t\t\t\t<a class=\"ha-slick-item\" href=\"https:\/\/geofortis.co.mz\/instrumentacao\/\">\n\t\t\t\t\t\t\t\t\t\t\t\t\t<img decoding=\"async\" class=\"ha-slick-img\" src=\"https:\/\/geofortis.co.mz\/wp-content\/uploads\/2024\/02\/Brevemente2-768x1018.png\" alt=\"Instrumenta\u00e7\u00e3o \">\n\t\t\t\t\t\t\n\t\t\t\t\t\t\t\t\t\t\t\t\t<div class=\"ha-slick-content\">\n\t\t\t\t\t\t\t\t<h2 class=\"ha-slick-title\">Instrumenta\u00e7\u00e3o <\/h2>\t\t\t\t\t\t\t\t\t\t\t\t\t\t\t\t\t<p class=\"ha-slick-subtitle\">Ver mais <\/p>\n\t\t\t\t\t\t\t\t\t\t\t\t\t\t\t<\/div>\n\t\t\t\t\t\t\t\t\t\t\t<\/a>\n\t\t\t\t<\/div>\n\n\t\t\t\n\t\t\t\t<div class=\"ha-slick-slide slick-slide\">\n\t\t\t\t\t<a class=\"ha-slick-item\" href=\"https:\/\/geofortis.co.mz\/contencoes-perifericas\/\">\n\t\t\t\t\t\t\t\t\t\t\t\t\t<img decoding=\"async\" class=\"ha-slick-img\" src=\"https:\/\/geofortis.co.mz\/wp-content\/uploads\/2024\/02\/Editado5-768x1018.png\" alt=\"Conten\u00e7\u00f5es perif\u00e9ricas \">\n\t\t\t\t\t\t\n\t\t\t\t\t\t\t\t\t\t\t\t\t<div class=\"ha-slick-content\">\n\t\t\t\t\t\t\t\t<h2 class=\"ha-slick-title\">Conten\u00e7\u00f5es perif\u00e9ricas <\/h2>\t\t\t\t\t\t\t\t\t\t\t\t\t\t\t\t\t<p class=\"ha-slick-subtitle\">Ver mais <\/p>\n\t\t\t\t\t\t\t\t\t\t\t\t\t\t\t<\/div>\n\t\t\t\t\t\t\t\t\t\t\t<\/a>\n\t\t\t\t<\/div>\n\n\t\t\t\n\t\t\t\t<div class=\"ha-slick-slide slick-slide\">\n\t\t\t\t\t<a class=\"ha-slick-item\" href=\"https:\/\/geofortis.co.mz\/consultoria-eprojectos\/\">\n\t\t\t\t\t\t\t\t\t\t\t\t\t<img decoding=\"async\" class=\"ha-slick-img\" src=\"https:\/\/geofortis.co.mz\/wp-content\/uploads\/2024\/02\/Brevemente3-768x1018.webp\" alt=\"Consultoria  \">\n\t\t\t\t\t\t\n\t\t\t\t\t\t\t\t\t\t\t\t\t<div class=\"ha-slick-content\">\n\t\t\t\t\t\t\t\t<h2 class=\"ha-slick-title\">Consultoria  <\/h2>\t\t\t\t\t\t\t\t\t\t\t\t\t\t\t\t\t<p class=\"ha-slick-subtitle\">Ver mais <\/p>\n\t\t\t\t\t\t\t\t\t\t\t\t\t\t\t<\/div>\n\t\t\t\t\t\t\t\t\t\t\t<\/a>\n\t\t\t\t<\/div>\n\n\t\t\t\n\t\t\t\t<div class=\"ha-slick-slide slick-slide\">\n\t\t\t\t\t<a class=\"ha-slick-item\" href=\"https:\/\/geofortis.co.mz\/obras-maritimas\/\">\n\t\t\t\t\t\t\t\t\t\t\t\t\t<img decoding=\"async\" class=\"ha-slick-img\" src=\"https:\/\/geofortis.co.mz\/wp-content\/uploads\/2024\/02\/2-768x1026.webp\" alt=\"Obras Marinhas \">\n\t\t\t\t\t\t\n\t\t\t\t\t\t\t\t\t\t\t\t\t<div class=\"ha-slick-content\">\n\t\t\t\t\t\t\t\t<h2 class=\"ha-slick-title\">Obras Marinhas <\/h2>\t\t\t\t\t\t\t\t\t\t\t\t\t\t\t\t\t<p class=\"ha-slick-subtitle\">Ver mais <\/p>\n\t\t\t\t\t\t\t\t\t\t\t\t\t\t\t<\/div>\n\t\t\t\t\t\t\t\t\t\t\t<\/a>\n\t\t\t\t<\/div>\n\n\t\t\t\n\t\t<\/div>\n\n\t\t\t\t\t<button type=\"button\" class=\"slick-prev\"><svg aria-hidden=\"true\" class=\"e-font-icon-svg e-fas-chevron-left\" viewBox=\"0 0 320 512\" xmlns=\"http:\/\/www.w3.org\/2000\/svg\"><path d=\"M34.52 239.03L228.87 44.69c9.37-9.37 24.57-9.37 33.94 0l22.67 22.67c9.36 9.36 9.37 24.52.04 33.9L131.49 256l154.02 154.75c9.34 9.38 9.32 24.54-.04 33.9l-22.67 22.67c-9.37 9.37-24.57 9.37-33.94 0L34.52 272.97c-9.37-9.37-9.37-24.57 0-33.94z\"><\/path><\/svg><\/button>\n\t\t\n\t\t\t\t\t<button type=\"button\" class=\"slick-next\"><svg aria-hidden=\"true\" class=\"e-font-icon-svg e-fas-chevron-right\" viewBox=\"0 0 320 512\" xmlns=\"http:\/\/www.w3.org\/2000\/svg\"><path d=\"M285.476 272.971L91.132 467.314c-9.373 9.373-24.569 9.373-33.941 0l-22.667-22.667c-9.357-9.357-9.375-24.522-.04-33.901L188.505 256 34.484 101.255c-9.335-9.379-9.317-24.544.04-33.901l22.667-22.667c9.373-9.373 24.569-9.373 33.941 0L285.475 239.03c9.373 9.372 9.373 24.568.001 33.941z\"><\/path><\/svg><\/button>\n\t\t\n\t\t\t\t\t\t<\/div>\n\t\t\t\t<\/div>\n\t\t\t\t\t<\/div>\n\t\t<\/div>\n\t\t\t\t\t<\/div>\n\t\t<\/section>\n\t\t\t\t<\/div>\n\t\t","protected":false},"excerpt":{"rendered":"<p>PROJECTO DE CONSULTORIA LAKE OIL Outros Projectos Sondagens Geot\u00e9cnicas Ver mais Melhoramento de Solo Ver mais Instrumenta\u00e7\u00e3o Ver mais Conten\u00e7\u00f5es perif\u00e9ricas Ver mais Consultoria Ver mais Obras Marinhas Ver mais<\/p>\n","protected":false},"author":1,"featured_media":0,"parent":0,"menu_order":0,"comment_status":"closed","ping_status":"closed","template":"elementor_header_footer","meta":{"footnotes":""},"class_list":["post-6683","page","type-page","status-publish","hentry"],"_links":{"self":[{"href":"https:\/\/geofortis.co.mz\/pt_pt\/wp-json\/wp\/v2\/pages\/6683","targetHints":{"allow":["GET"]}}],"collection":[{"href":"https:\/\/geofortis.co.mz\/pt_pt\/wp-json\/wp\/v2\/pages"}],"about":[{"href":"https:\/\/geofortis.co.mz\/pt_pt\/wp-json\/wp\/v2\/types\/page"}],"author":[{"embeddable":true,"href":"https:\/\/geofortis.co.mz\/pt_pt\/wp-json\/wp\/v2\/users\/1"}],"replies":[{"embeddable":true,"href":"https:\/\/geofortis.co.mz\/pt_pt\/wp-json\/wp\/v2\/comments?post=6683"}],"version-history":[{"count":4,"href":"https:\/\/geofortis.co.mz\/pt_pt\/wp-json\/wp\/v2\/pages\/6683\/revisions"}],"predecessor-version":[{"id":6700,"href":"https:\/\/geofortis.co.mz\/pt_pt\/wp-json\/wp\/v2\/pages\/6683\/revisions\/6700"}],"wp:attachment":[{"href":"https:\/\/geofortis.co.mz\/pt_pt\/wp-json\/wp\/v2\/media?parent=6683"}],"curies":[{"name":"wp","href":"https:\/\/api.w.org\/{rel}","templated":true}]}}